{"id":2004,"date":"2018-06-27T11:38:39","date_gmt":"2018-06-27T15:38:39","guid":{"rendered":"https:\/\/media-redaktica.com\/?page_id=2004"},"modified":"2020-03-09T21:25:16","modified_gmt":"2020-03-10T01:25:16","slug":"writing-for-businesses","status":"publish","type":"page","link":"https:\/\/media-redaktica.com\/en\/tips-and-advices\/writing-for-businesses\/","title":{"rendered":"Writing for businesses"},"content":{"rendered":"<p>[et_pb_section fb_built=&#8221;1&#8243; disabled_on=&#8221;on|off|off&#8221; _builder_version=&#8221;3.5.1&#8243; background_image=&#8221;https:\/\/media-redaktica.com\/wp-content\/uploads\/2018\/06\/16003_mediatredaktica_header-1920&#215;601-redac.png&#8221; custom_css_main_element=&#8221;height: 500px|| &#8220;][et_pb_row _builder_version=&#8221;3.0.48&#8243; background_size=&#8221;initial&#8221; background_position=&#8221;top_left&#8221; background_repeat=&#8221;repeat&#8221;][et_pb_column type=&#8221;1_2&#8243; _builder_version=&#8221;3.0.47&#8243; parallax=&#8221;off&#8221; parallax_method=&#8221;on&#8221;][et_pb_text _builder_version=&#8221;3.10.1&#8243; custom_padding=&#8221;150px|||&#8221; custom_padding_last_edited=&#8221;on|&#8221;]<\/p>\n<h1 style=\"text-align: center;\"><span style=\"color: #ffffff;\">WRITING FOR<br \/>\nBUSINESSES<\/span><\/h1>\n<p>[\/et_pb_text][\/et_pb_column][et_pb_column type=&#8221;1_2&#8243; _builder_version=&#8221;3.0.47&#8243; parallax=&#8221;off&#8221; parallax_method=&#8221;on&#8221;][\/et_pb_column][\/et_pb_row][\/et_pb_section][et_pb_section fb_built=&#8221;1&#8243; disabled_on=&#8221;|on|on&#8221; _builder_version=&#8221;3.2&#8243; background_image=&#8221;https:\/\/media-redaktica.com\/wp-content\/uploads\/2018\/04\/16003_mediatredaktica_header-bg.jpg&#8221;][et_pb_row _builder_version=&#8221;3.0.47&#8243; background_size=&#8221;initial&#8221; background_position=&#8221;top_left&#8221; background_repeat=&#8221;repeat&#8221;][et_pb_column type=&#8221;1_2&#8243; _builder_version=&#8221;3.0.47&#8243; parallax=&#8221;off&#8221; parallax_method=&#8221;on&#8221;][et_pb_text _builder_version=&#8221;3.10.1&#8243; text_font_size_last_edited=&#8221;on|desktop&#8221; header_font_size=&#8221;60px&#8221; header_font_size_phone=&#8221;28&#8243; header_font_size_last_edited=&#8221;on|phone&#8221; custom_padding=&#8221;150px|||&#8221; custom_padding_phone=&#8221;0px|||&#8221; custom_padding_last_edited=&#8221;on|desktop&#8221;]<\/p>\n<h1 style=\"text-align: center;\"><span style=\"color: #ffffff;\">WRITING FOR<br \/>\nBUSINESSES<\/span><\/h1>\n<p>[\/et_pb_text][\/et_pb_column][et_pb_column type=&#8221;1_2&#8243; _builder_version=&#8221;3.0.47&#8243; parallax=&#8221;off&#8221; parallax_method=&#8221;on&#8221;][et_pb_image src=&#8221;https:\/\/media-redaktica.com\/wp-content\/uploads\/2018\/06\/16003_mediatredakticamobile-comm-redaction.png&#8221; alt=&#8221;Writing for businesses&#8221; _builder_version=&#8221;3.14&#8243;]&nbsp;<br \/>\n[\/et_pb_image][\/et_pb_column][\/et_pb_row][\/et_pb_section][et_pb_section fb_built=&#8221;1&#8243; _builder_version=&#8221;3.0.101&#8243;][et_pb_row _builder_version=&#8221;3.0.48&#8243; background_size=&#8221;initial&#8221; background_position=&#8221;top_left&#8221; background_repeat=&#8221;repeat&#8221;][et_pb_column type=&#8221;4_4&#8243; _builder_version=&#8221;3.0.47&#8243; parallax=&#8221;off&#8221; parallax_method=&#8221;on&#8221;][et_pb_text _builder_version=&#8221;3.12.2&#8243; header_font_size=&#8221;36&#8243; header_font_size_last_edited=&#8221;on|phone&#8221;]<\/p>\n<h3>Writing for businesses<\/h3>\n<p>At a time when writings of all kinds abound like never before, mainly on the Internet, everyone believes they are true writers.<\/p>\n<p>This generalized democratization of\u00a0writing\u00a0is bringing to light the influence of structured and strategic writing activities that characterize professional writing for businesses.<\/p>\n<h3 style=\"text-align: left;\"><\/h3>\n<p>[\/et_pb_text][\/et_pb_column][\/et_pb_row][\/et_pb_section][et_pb_section fb_built=&#8221;1&#8243; _builder_version=&#8221;3.0.101&#8243; background_color=&#8221;#0a2fb5&#8243;][et_pb_row _builder_version=&#8221;3.3.1&#8243;][et_pb_column type=&#8221;4_4&#8243; _builder_version=&#8221;3.0.47&#8243; parallax=&#8221;off&#8221; parallax_method=&#8221;on&#8221;][et_pb_text _builder_version=&#8221;3.14&#8243; background_layout=&#8221;dark&#8221;]<\/p>\n<h3>Writing: the power of words<\/h3>\n<p>Writing can have a considerable influence, as illustrated by the revolutionary movements in the Middle-East, the Maghreb or America. Social movements have emerged following the dissemination of messages on Google My Business, Twitter, Facebook and other social networks by assiduous activists.<\/p>\n<p>It is precisely because writing is targeted, persuasive and based on concrete facts that it has a percussive and extraordinary force. What writing for businesses has in common with what precedes: it follows a communication line that is precise and predetermined. A good writer also prepares a written plan before conceiving a business plan, for instance.<\/p>\n<h3>What is professional writing?<\/h3>\n<p>To perform professional writing for businesses, the main goal is not to compose the prettiest words but rather to conceive the most adequate sentences according to a communication objective that is precise and homogeneous. Professional writing for businesses does not constitute an activity that takes place in a vacuum; on the contrary, the writings are conceived according to criteria nurtured and defined by the communications service or department concerned.<\/p>\n<p>In addition to defining the communication goals and the scope of the communication \u2013 through the determination of a target audience defined as narrowly as possible \u2013 the focus on the intention to communicate is an essential factor for any specialist in charge of writing for businesses.<\/p>\n<h3>A professional writer must also master the adequate writing techniques.<\/h3>\n<p>To perform professional writing for businesses, writers conceive targeted content while working in a collaborative mode with other communication professionals from the private or public sector. It is through this collaboration with institutional experts that professional writers develop their know-how.<\/p>\n<h3>The expertise in professional writing for businesses<\/h3>\n<p>Professional writing experts are aware of the formal and informal rules they must conform to, according to the type of organization or industry. They know which technological tools to use and which working methods prevail in the professional environment. As professional writers, they become advisors in matters of language.<\/p>\n<p>The professional writing specialists are motivated by one goal: they know the impact they want to produce and they are aware of their intention to communicate.<\/p>\n<p>In summary, they control the impact they wish to produce, are aware of their audience\u2019s needs and of the requirements of different communication media.<\/p>\n<h3>Professional writing for businesses: an oriented communication<\/h3>\n<p>Professional writing also presupposes a relevant experience in communications in addition to a writing dexterity. Professional writing deals with targeted writing focused on organizational strategic criteria based on the type of organization. All professional writers possess an exceptional ability to adapt, as well as global analyses skills.<\/p>\n<h3>Take advantage of our expertise in professional writing!<\/h3>\n<p>Our expert in professional writing has acquired a Master&#8217;s in Communication Sciences and a long established work experience within various private and public organizations. Her ability to cooperate with communication services professionals and her thoughtful advice are highly valued by her clients. Our writer has been certified by the Soci\u00e9t\u00e9 qu\u00e9b\u00e9coise de la r\u00e9daction professionnelle (SQRP).<\/p>\n<p>To obtain texts that support your global communication strategy through a high-impact and homogeneous content, e-mail us at info@media-redaktica.com now.<\/p>\n<p>[\/et_pb_text][\/et_pb_column][\/et_pb_row][\/et_pb_section]<\/p>\n","protected":false},"excerpt":{"rendered":"<p>[et_pb_section fb_built=&#8221;1&#8243; disabled_on=&#8221;on|off|off&#8221; _builder_version=&#8221;3.5.1&#8243; background_image=&#8221;https:\/\/media-redaktica.com\/wp-content\/uploads\/2018\/06\/16003_mediatredaktica_header-1920&#215;601-redac.png&#8221; custom_css_main_element=&#8221;height: 500px|| &#8220;][et_pb_row _builder_version=&#8221;3.0.48&#8243; background_size=&#8221;initial&#8221; background_position=&#8221;top_left&#8221; background_repeat=&#8221;repeat&#8221;][et_pb_column type=&#8221;1_2&#8243; _builder_version=&#8221;3.0.47&#8243; parallax=&#8221;off&#8221; parallax_method=&#8221;on&#8221;][et_pb_text _builder_version=&#8221;3.10.1&#8243; custom_padding=&#8221;150px|||&#8221; custom_padding_last_edited=&#8221;on|&#8221;] WRITING FOR BUSINESSES [\/et_pb_text][\/et_pb_column][et_pb_column type=&#8221;1_2&#8243; _builder_version=&#8221;3.0.47&#8243; parallax=&#8221;off&#8221; parallax_method=&#8221;on&#8221;][\/et_pb_column][\/et_pb_row][\/et_pb_section][et_pb_section fb_built=&#8221;1&#8243; disabled_on=&#8221;|on|on&#8221; _builder_version=&#8221;3.2&#8243; background_image=&#8221;https:\/\/media-redaktica.com\/wp-content\/uploads\/2018\/04\/16003_mediatredaktica_header-bg.jpg&#8221;][et_pb_row _builder_version=&#8221;3.0.47&#8243; background_size=&#8221;initial&#8221; background_position=&#8221;top_left&#8221; background_repeat=&#8221;repeat&#8221;][et_pb_column type=&#8221;1_2&#8243; _builder_version=&#8221;3.0.47&#8243; parallax=&#8221;off&#8221; parallax_method=&#8221;on&#8221;][et_pb_text _builder_version=&#8221;3.10.1&#8243; text_font_size_last_edited=&#8221;on|desktop&#8221; header_font_size=&#8221;60px&#8221; header_font_size_phone=&#8221;28&#8243; header_font_size_last_edited=&#8221;on|phone&#8221; custom_padding=&#8221;150px|||&#8221; custom_padding_phone=&#8221;0px|||&#8221; custom_padding_last_edited=&#8221;on|desktop&#8221;] WRITING FOR BUSINESSES [\/et_pb_text][\/et_pb_column][et_pb_column type=&#8221;1_2&#8243; _builder_version=&#8221;3.0.47&#8243; parallax=&#8221;off&#8221; parallax_method=&#8221;on&#8221;][et_pb_image [&hellip;]<\/p>\n","protected":false},"author":3,"featured_media":0,"parent":1862,"menu_order":0,"comment_status":"closed","ping_status":"closed","template":"","meta":{"footnotes":""},"class_list":["post-2004","page","type-page","status-publish","hentry"],"yoast_head":"<!-- This site is optimized with the Yoast SEO plugin v23.8 - https:\/\/yoast.com\/wordpress\/plugins\/seo\/ -->\n<title>What makes writing for business efficient? | Media Redaktica<\/title>\n<meta name=\"description\" content=\"Writing for business: To obtain texts that support your global communication strategy through a high-impact and homogeneous content, call Media Redaktica at 438-395-4719. Montreal, Quebec, Ottawa, Toronto, Vancouver, Victoria, Winnipeg, Fredericton, Halifax, Charlottetown, United States, USA\" \/>\n<meta name=\"robots\" content=\"index, follow, max-snippet:-1, max-image-preview:large, max-video-preview:-1\" \/>\n<link rel=\"canonical\" href=\"https:\/\/media-redaktica.com\/en\/tips-and-advices\/writing-for-businesses\/\" \/>\n<meta property=\"og:locale\" content=\"en_US\" \/>\n<meta property=\"og:type\" content=\"article\" \/>\n<meta property=\"og:title\" content=\"What makes writing for business efficient? | Media Redaktica\" \/>\n<meta property=\"og:description\" content=\"Writing for business: To obtain texts that support your global communication strategy through a high-impact and homogeneous content, call Media Redaktica at 438-395-4719. Montreal, Quebec, Ottawa, Toronto, Vancouver, Victoria, Winnipeg, Fredericton, Halifax, Charlottetown, United States, USA\" \/>\n<meta property=\"og:url\" content=\"https:\/\/media-redaktica.com\/en\/tips-and-advices\/writing-for-businesses\/\" \/>\n<meta property=\"og:site_name\" content=\"M\u00e9dia R\u00e9daktica\" \/>\n<meta property=\"article:modified_time\" content=\"2020-03-10T01:25:16+00:00\" \/>\n<meta name=\"twitter:card\" content=\"summary_large_image\" \/>\n<meta name=\"twitter:label1\" content=\"Est. reading time\" \/>\n\t<meta name=\"twitter:data1\" content=\"5 minutes\" \/>\n<script type=\"application\/ld+json\" class=\"yoast-schema-graph\">{\"@context\":\"https:\/\/schema.org\",\"@graph\":[{\"@type\":\"WebPage\",\"@id\":\"https:\/\/media-redaktica.com\/en\/tips-and-advices\/writing-for-businesses\/\",\"url\":\"https:\/\/media-redaktica.com\/en\/tips-and-advices\/writing-for-businesses\/\",\"name\":\"What makes writing for business efficient? | Media Redaktica\",\"isPartOf\":{\"@id\":\"https:\/\/media-redaktica.com\/#website\"},\"datePublished\":\"2018-06-27T15:38:39+00:00\",\"dateModified\":\"2020-03-10T01:25:16+00:00\",\"description\":\"Writing for business: To obtain texts that support your global communication strategy through a high-impact and homogeneous content, call Media Redaktica at 438-395-4719. Montreal, Quebec, Ottawa, Toronto, Vancouver, Victoria, Winnipeg, Fredericton, Halifax, Charlottetown, United States, USA\",\"breadcrumb\":{\"@id\":\"https:\/\/media-redaktica.com\/en\/tips-and-advices\/writing-for-businesses\/#breadcrumb\"},\"inLanguage\":\"en-CA\",\"potentialAction\":[{\"@type\":\"ReadAction\",\"target\":[\"https:\/\/media-redaktica.com\/en\/tips-and-advices\/writing-for-businesses\/\"]}]},{\"@type\":\"BreadcrumbList\",\"@id\":\"https:\/\/media-redaktica.com\/en\/tips-and-advices\/writing-for-businesses\/#breadcrumb\",\"itemListElement\":[{\"@type\":\"ListItem\",\"position\":1,\"name\":\"Accueil\",\"item\":\"https:\/\/media-redaktica.com\/en\/\"},{\"@type\":\"ListItem\",\"position\":2,\"name\":\"Tips and advice\",\"item\":\"https:\/\/media-redaktica.com\/en\/tips-and-advices\/\"},{\"@type\":\"ListItem\",\"position\":3,\"name\":\"Writing for businesses\"}]},{\"@type\":\"WebSite\",\"@id\":\"https:\/\/media-redaktica.com\/#website\",\"url\":\"https:\/\/media-redaktica.com\/\",\"name\":\"M\u00e9dia R\u00e9daktica\",\"description\":\"Nos mots vous propulsent\",\"potentialAction\":[{\"@type\":\"SearchAction\",\"target\":{\"@type\":\"EntryPoint\",\"urlTemplate\":\"https:\/\/media-redaktica.com\/?s={search_term_string}\"},\"query-input\":{\"@type\":\"PropertyValueSpecification\",\"valueRequired\":true,\"valueName\":\"search_term_string\"}}],\"inLanguage\":\"en-CA\"}]}<\/script>\n<!-- \/ Yoast SEO plugin. -->","yoast_head_json":{"title":"What makes writing for business efficient? | Media Redaktica","description":"Writing for business: To obtain texts that support your global communication strategy through a high-impact and homogeneous content, call Media Redaktica at 438-395-4719. Montreal, Quebec, Ottawa, Toronto, Vancouver, Victoria, Winnipeg, Fredericton, Halifax, Charlottetown, United States, USA","robots":{"index":"index","follow":"follow","max-snippet":"max-snippet:-1","max-image-preview":"max-image-preview:large","max-video-preview":"max-video-preview:-1"},"canonical":"https:\/\/media-redaktica.com\/en\/tips-and-advices\/writing-for-businesses\/","og_locale":"en_US","og_type":"article","og_title":"What makes writing for business efficient? | Media Redaktica","og_description":"Writing for business: To obtain texts that support your global communication strategy through a high-impact and homogeneous content, call Media Redaktica at 438-395-4719. Montreal, Quebec, Ottawa, Toronto, Vancouver, Victoria, Winnipeg, Fredericton, Halifax, Charlottetown, United States, USA","og_url":"https:\/\/media-redaktica.com\/en\/tips-and-advices\/writing-for-businesses\/","og_site_name":"M\u00e9dia R\u00e9daktica","article_modified_time":"2020-03-10T01:25:16+00:00","twitter_card":"summary_large_image","twitter_misc":{"Est. reading time":"5 minutes"},"schema":{"@context":"https:\/\/schema.org","@graph":[{"@type":"WebPage","@id":"https:\/\/media-redaktica.com\/en\/tips-and-advices\/writing-for-businesses\/","url":"https:\/\/media-redaktica.com\/en\/tips-and-advices\/writing-for-businesses\/","name":"What makes writing for business efficient? | Media Redaktica","isPartOf":{"@id":"https:\/\/media-redaktica.com\/#website"},"datePublished":"2018-06-27T15:38:39+00:00","dateModified":"2020-03-10T01:25:16+00:00","description":"Writing for business: To obtain texts that support your global communication strategy through a high-impact and homogeneous content, call Media Redaktica at 438-395-4719. Montreal, Quebec, Ottawa, Toronto, Vancouver, Victoria, Winnipeg, Fredericton, Halifax, Charlottetown, United States, USA","breadcrumb":{"@id":"https:\/\/media-redaktica.com\/en\/tips-and-advices\/writing-for-businesses\/#breadcrumb"},"inLanguage":"en-CA","potentialAction":[{"@type":"ReadAction","target":["https:\/\/media-redaktica.com\/en\/tips-and-advices\/writing-for-businesses\/"]}]},{"@type":"BreadcrumbList","@id":"https:\/\/media-redaktica.com\/en\/tips-and-advices\/writing-for-businesses\/#breadcrumb","itemListElement":[{"@type":"ListItem","position":1,"name":"Accueil","item":"https:\/\/media-redaktica.com\/en\/"},{"@type":"ListItem","position":2,"name":"Tips and advice","item":"https:\/\/media-redaktica.com\/en\/tips-and-advices\/"},{"@type":"ListItem","position":3,"name":"Writing for businesses"}]},{"@type":"WebSite","@id":"https:\/\/media-redaktica.com\/#website","url":"https:\/\/media-redaktica.com\/","name":"M\u00e9dia R\u00e9daktica","description":"Nos mots vous propulsent","potentialAction":[{"@type":"SearchAction","target":{"@type":"EntryPoint","urlTemplate":"https:\/\/media-redaktica.com\/?s={search_term_string}"},"query-input":{"@type":"PropertyValueSpecification","valueRequired":true,"valueName":"search_term_string"}}],"inLanguage":"en-CA"}]}},"_links":{"self":[{"href":"https:\/\/media-redaktica.com\/en\/wp-json\/wp\/v2\/pages\/2004","targetHints":{"allow":["GET"]}}],"collection":[{"href":"https:\/\/media-redaktica.com\/en\/wp-json\/wp\/v2\/pages"}],"about":[{"href":"https:\/\/media-redaktica.com\/en\/wp-json\/wp\/v2\/types\/page"}],"author":[{"embeddable":true,"href":"https:\/\/media-redaktica.com\/en\/wp-json\/wp\/v2\/users\/3"}],"replies":[{"embeddable":true,"href":"https:\/\/media-redaktica.com\/en\/wp-json\/wp\/v2\/comments?post=2004"}],"version-history":[{"count":2,"href":"https:\/\/media-redaktica.com\/en\/wp-json\/wp\/v2\/pages\/2004\/revisions"}],"predecessor-version":[{"id":5584,"href":"https:\/\/media-redaktica.com\/en\/wp-json\/wp\/v2\/pages\/2004\/revisions\/5584"}],"up":[{"embeddable":true,"href":"https:\/\/media-redaktica.com\/en\/wp-json\/wp\/v2\/pages\/1862"}],"wp:attachment":[{"href":"https:\/\/media-redaktica.com\/en\/wp-json\/wp\/v2\/media?parent=2004"}],"curies":[{"name":"wp","href":"https:\/\/api.w.org\/{rel}","templated":true}]}}